{"id":5395,"date":"2019-03-26T09:00:08","date_gmt":"2019-03-26T09:00:08","guid":{"rendered":"https:\/\/demo.goodlayers.com\/traveltour\/hiking\/?page_id=5395"},"modified":"2024-07-29T05:50:35","modified_gmt":"2024-07-29T05:50:35","slug":"home-page-gradina-zmeilor","status":"publish","type":"page","link":"https:\/\/gradinazmeilor.ro\/","title":{"rendered":"Homepage"},"content":{"rendered":"","protected":false},"excerpt":{"rendered":"","protected":false},"author":1,"featured_media":0,"parent":0,"menu_order":0,"comment_status":"closed","ping_status":"closed","template":"","meta":{"footnotes":""},"class_list":["post-5395","page","type-page","status-publish","hentry"],"yoast_head":"<!-- This site is optimized with the Yoast SEO Premium plugin v22.8 (Yoast SEO v27.5) - https:\/\/yoast.com\/product\/yoast-seo-premium-wordpress\/ -->\n<title>Gradina Zmeilor - Gradina Zmeilor<\/title>\n<meta name=\"description\" content=\"Gradina Zmeilor este o destinatie turistica unica din Rom\u00e2nia, situata \u00een judetul Salaj, \u00een apropiere de localitatea G\u00e2lgau Almasului.\" \/>\n<meta name=\"robots\" content=\"index, follow, max-snippet:-1, max-image-preview:large, max-video-preview:-1\" \/>\n<link rel=\"canonical\" href=\"https:\/\/gradinazmeilor.ro\/\" \/>\n<meta property=\"og:locale\" content=\"en_US\" \/>\n<meta property=\"og:type\" content=\"article\" \/>\n<meta property=\"og:title\" content=\"Homepage\" \/>\n<meta property=\"og:description\" content=\"Gradina Zmeilor este o destinatie turistica unica din Rom\u00e2nia, situata \u00een judetul Salaj, \u00een apropiere de localitatea G\u00e2lgau Almasului.\" \/>\n<meta property=\"og:url\" content=\"https:\/\/gradinazmeilor.ro\/\" \/>\n<meta property=\"og:site_name\" content=\"Gradina Zmeilor\" \/>\n<meta property=\"article:modified_time\" content=\"2024-07-29T05:50:35+00:00\" \/>\n<meta name=\"twitter:card\" content=\"summary_large_image\" \/>\n<meta name=\"twitter:label1\" content=\"Est. reading time\" \/>\n\t<meta name=\"twitter:data1\" content=\"9 minutes\" \/>\n<script type=\"application\/ld+json\" class=\"yoast-schema-graph\">{\"@context\":\"https:\\\/\\\/schema.org\",\"@graph\":[{\"@type\":\"WebPage\",\"@id\":\"https:\\\/\\\/gradinazmeilor.ro\\\/\",\"url\":\"https:\\\/\\\/gradinazmeilor.ro\\\/\",\"name\":\"Gradina Zmeilor - Gradina Zmeilor\",\"isPartOf\":{\"@id\":\"https:\\\/\\\/gradinazmeilor.ro\\\/#website\"},\"datePublished\":\"2019-03-26T09:00:08+00:00\",\"dateModified\":\"2024-07-29T05:50:35+00:00\",\"description\":\"Gradina Zmeilor este o destinatie turistica unica din Rom\u00e2nia, situata \u00een judetul Salaj, \u00een apropiere de localitatea G\u00e2lgau Almasului.\",\"breadcrumb\":{\"@id\":\"https:\\\/\\\/gradinazmeilor.ro\\\/#breadcrumb\"},\"inLanguage\":\"en-US\",\"potentialAction\":[{\"@type\":\"ReadAction\",\"target\":[\"https:\\\/\\\/gradinazmeilor.ro\\\/\"]}]},{\"@type\":\"BreadcrumbList\",\"@id\":\"https:\\\/\\\/gradinazmeilor.ro\\\/#breadcrumb\",\"itemListElement\":[{\"@type\":\"ListItem\",\"position\":1,\"name\":\"Home\",\"item\":\"https:\\\/\\\/gradinazmeilor.ro\\\/\"},{\"@type\":\"ListItem\",\"position\":2,\"name\":\"Homepage\"}]},{\"@type\":\"WebSite\",\"@id\":\"https:\\\/\\\/gradinazmeilor.ro\\\/#website\",\"url\":\"https:\\\/\\\/gradinazmeilor.ro\\\/\",\"name\":\"Gradina Zmeilor\",\"description\":\"\",\"potentialAction\":[{\"@type\":\"SearchAction\",\"target\":{\"@type\":\"EntryPoint\",\"urlTemplate\":\"https:\\\/\\\/gradinazmeilor.ro\\\/?s={search_term_string}\"},\"query-input\":{\"@type\":\"PropertyValueSpecification\",\"valueRequired\":true,\"valueName\":\"search_term_string\"}}],\"inLanguage\":\"en-US\"}]}<\/script>\n<!-- \/ Yoast SEO Premium plugin. -->","yoast_head_json":{"title":"Gradina Zmeilor - Gradina Zmeilor","description":"Gradina Zmeilor este o destinatie turistica unica din Rom\u00e2nia, situata \u00een judetul Salaj, \u00een apropiere de localitatea G\u00e2lgau Almasului.","robots":{"index":"index","follow":"follow","max-snippet":"max-snippet:-1","max-image-preview":"max-image-preview:large","max-video-preview":"max-video-preview:-1"},"canonical":"https:\/\/gradinazmeilor.ro\/","og_locale":"en_US","og_type":"article","og_title":"Homepage","og_description":"Gradina Zmeilor este o destinatie turistica unica din Rom\u00e2nia, situata \u00een judetul Salaj, \u00een apropiere de localitatea G\u00e2lgau Almasului.","og_url":"https:\/\/gradinazmeilor.ro\/","og_site_name":"Gradina Zmeilor","article_modified_time":"2024-07-29T05:50:35+00:00","twitter_card":"summary_large_image","twitter_misc":{"Est. reading time":"9 minutes"},"schema":{"@context":"https:\/\/schema.org","@graph":[{"@type":"WebPage","@id":"https:\/\/gradinazmeilor.ro\/","url":"https:\/\/gradinazmeilor.ro\/","name":"Gradina Zmeilor - Gradina Zmeilor","isPartOf":{"@id":"https:\/\/gradinazmeilor.ro\/#website"},"datePublished":"2019-03-26T09:00:08+00:00","dateModified":"2024-07-29T05:50:35+00:00","description":"Gradina Zmeilor este o destinatie turistica unica din Rom\u00e2nia, situata \u00een judetul Salaj, \u00een apropiere de localitatea G\u00e2lgau Almasului.","breadcrumb":{"@id":"https:\/\/gradinazmeilor.ro\/#breadcrumb"},"inLanguage":"en-US","potentialAction":[{"@type":"ReadAction","target":["https:\/\/gradinazmeilor.ro\/"]}]},{"@type":"BreadcrumbList","@id":"https:\/\/gradinazmeilor.ro\/#breadcrumb","itemListElement":[{"@type":"ListItem","position":1,"name":"Home","item":"https:\/\/gradinazmeilor.ro\/"},{"@type":"ListItem","position":2,"name":"Homepage"}]},{"@type":"WebSite","@id":"https:\/\/gradinazmeilor.ro\/#website","url":"https:\/\/gradinazmeilor.ro\/","name":"Gradina Zmeilor","description":"","potentialAction":[{"@type":"SearchAction","target":{"@type":"EntryPoint","urlTemplate":"https:\/\/gradinazmeilor.ro\/?s={search_term_string}"},"query-input":{"@type":"PropertyValueSpecification","valueRequired":true,"valueName":"search_term_string"}}],"inLanguage":"en-US"}]}},"jetpack_sharing_enabled":true,"_links":{"self":[{"href":"https:\/\/gradinazmeilor.ro\/index.php?rest_route=\/wp\/v2\/pages\/5395","targetHints":{"allow":["GET"]}}],"collection":[{"href":"https:\/\/gradinazmeilor.ro\/index.php?rest_route=\/wp\/v2\/pages"}],"about":[{"href":"https:\/\/gradinazmeilor.ro\/index.php?rest_route=\/wp\/v2\/types\/page"}],"author":[{"embeddable":true,"href":"https:\/\/gradinazmeilor.ro\/index.php?rest_route=\/wp\/v2\/users\/1"}],"replies":[{"embeddable":true,"href":"https:\/\/gradinazmeilor.ro\/index.php?rest_route=%2Fwp%2Fv2%2Fcomments&post=5395"}],"version-history":[{"count":5,"href":"https:\/\/gradinazmeilor.ro\/index.php?rest_route=\/wp\/v2\/pages\/5395\/revisions"}],"predecessor-version":[{"id":6383,"href":"https:\/\/gradinazmeilor.ro\/index.php?rest_route=\/wp\/v2\/pages\/5395\/revisions\/6383"}],"wp:attachment":[{"href":"https:\/\/gradinazmeilor.ro\/index.php?rest_route=%2Fwp%2Fv2%2Fmedia&parent=5395"}],"curies":[{"name":"wp","href":"https:\/\/api.w.org\/{rel}","templated":true}]}}